{"id":126,"date":"2023-01-14T00:19:22","date_gmt":"2023-01-14T00:19:22","guid":{"rendered":"https:\/\/lyhconsulting.com\/?page_id=126"},"modified":"2023-01-14T00:32:31","modified_gmt":"2023-01-14T00:32:31","slug":"ventajas-competitivas","status":"publish","type":"page","link":"https:\/\/lyhconsulting.com\/index.php\/ventajas-competitivas\/","title":{"rendered":"Ventajas Competitivas"},"content":{"rendered":"\t\t<div data-elementor-type=\"wp-page\" data-elementor-id=\"126\" class=\"elementor elementor-126\">\n\t\t\t\t\t\t\t\t\t<section class=\"elementor-section elementor-top-section elementor-element elementor-element-72c3b88 elementor-section-full_width elementor-section-content-middle elementor-reverse-mobile elementor-section-height-default elementor-section-height-default\" data-id=\"72c3b88\" data-element_type=\"section\" data-settings=\"{&quot;background_background&quot;:&quot;classic&quot;}\">\n\t\t\t\t\t\t<div class=\"elementor-container elementor-column-gap-no\">\n\t\t\t\t\t<div class=\"elementor-column elementor-col-100 elementor-top-column elementor-element elementor-element-76ab43f9\" data-id=\"76ab43f9\" data-element_type=\"column\">\n\t\t\t<div class=\"elementor-widget-wrap elementor-element-populated\">\n\t\t\t\t\t\t\t\t<div class=\"elementor-element elementor-element-299b2214 animated-slow elementor-invisible elementor-widget elementor-widget-heading\" data-id=\"299b2214\" data-element_type=\"widget\" data-settings=\"{&quot;_animation&quot;:&quot;fadeIn&quot;,&quot;_animation_delay&quot;:100}\" data-widget_type=\"heading.default\">\n\t\t\t\t<div class=\"elementor-widget-container\">\n\t\t\t<style>\/*! elementor - v3.10.0 - 09-01-2023 *\/\n.elementor-heading-title{padding:0;margin:0;line-height:1}.elementor-widget-heading .elementor-heading-title[class*=elementor-size-]>a{color:inherit;font-size:inherit;line-height:inherit}.elementor-widget-heading .elementor-heading-title.elementor-size-small{font-size:15px}.elementor-widget-heading .elementor-heading-title.elementor-size-medium{font-size:19px}.elementor-widget-heading .elementor-heading-title.elementor-size-large{font-size:29px}.elementor-widget-heading .elementor-heading-title.elementor-size-xl{font-size:39px}.elementor-widget-heading .elementor-heading-title.elementor-size-xxl{font-size:59px}<\/style><h2 class=\"elementor-heading-title elementor-size-default\">Nuestras Ventajas<\/h2>\t\t<\/div>\n\t\t\t\t<\/div>\n\t\t\t\t\t<\/div>\n\t\t<\/div>\n\t\t\t\t\t\t\t<\/div>\n\t\t<\/section>\n\t\t\t\t<section class=\"elementor-section elementor-top-section elementor-element elementor-element-79f73e8 elementor-section-content-middle elementor-section-boxed elementor-section-height-default elementor-section-height-default\" data-id=\"79f73e8\" data-element_type=\"section\" data-settings=\"{&quot;background_background&quot;:&quot;classic&quot;}\">\n\t\t\t\t\t\t<div class=\"elementor-container elementor-column-gap-no\">\n\t\t\t\t\t<div class=\"elementor-column elementor-col-100 elementor-top-column elementor-element elementor-element-178db73\" data-id=\"178db73\" data-element_type=\"column\">\n\t\t\t<div class=\"elementor-widget-wrap elementor-element-populated\">\n\t\t\t\t\t\t\t\t<div class=\"elementor-element elementor-element-0156ecd elementor-widget elementor-widget-heading\" data-id=\"0156ecd\" data-element_type=\"widget\" data-widget_type=\"heading.default\">\n\t\t\t\t<div class=\"elementor-widget-container\">\n\t\t\t<h4 class=\"elementor-heading-title elementor-size-default\">Somos especialistas en los sectores de Alta Ingenier\u00eda.\n<\/h4>\t\t<\/div>\n\t\t\t\t<\/div>\n\t\t\t\t<div class=\"elementor-element elementor-element-234cc26 elementor-widget elementor-widget-text-editor\" data-id=\"234cc26\" data-element_type=\"widget\" data-widget_type=\"text-editor.default\">\n\t\t\t\t<div class=\"elementor-widget-container\">\n\t\t\t<style>\/*! elementor - v3.10.0 - 09-01-2023 *\/\n.elementor-widget-text-editor.elementor-drop-cap-view-stacked .elementor-drop-cap{background-color:#818a91;color:#fff}.elementor-widget-text-editor.elementor-drop-cap-view-framed .elementor-drop-cap{color:#818a91;border:3px solid;background-color:transparent}.elementor-widget-text-editor:not(.elementor-drop-cap-view-default) .elementor-drop-cap{margin-top:8px}.elementor-widget-text-editor:not(.elementor-drop-cap-view-default) .elementor-drop-cap-letter{width:1em;height:1em}.elementor-widget-text-editor .elementor-drop-cap{float:left;text-align:center;line-height:1;font-size:50px}.elementor-widget-text-editor .elementor-drop-cap-letter{display:inline-block}<\/style>\t\t\t\t<p>Nuestra experiencia en estos sectores nos hacen ser un proveedor altamente confiable en satisfacer las necesidades de nuestros clientes.<\/p>\t\t\t\t\t\t<\/div>\n\t\t\t\t<\/div>\n\t\t\t\t\t<\/div>\n\t\t<\/div>\n\t\t\t\t\t\t\t<\/div>\n\t\t<\/section>\n\t\t\t\t<section class=\"elementor-section elementor-top-section elementor-element elementor-element-887e8c7 elementor-section-boxed elementor-section-height-default elementor-section-height-default\" data-id=\"887e8c7\" data-element_type=\"section\" data-settings=\"{&quot;background_background&quot;:&quot;classic&quot;}\">\n\t\t\t\t\t\t<div class=\"elementor-container elementor-column-gap-default\">\n\t\t\t\t\t<div class=\"elementor-column elementor-col-33 elementor-top-column elementor-element elementor-element-489d7c1\" data-id=\"489d7c1\" data-element_type=\"column\">\n\t\t\t<div class=\"elementor-widget-wrap\">\n\t\t\t\t\t\t\t\t\t<\/div>\n\t\t<\/div>\n\t\t\t\t<div class=\"elementor-column elementor-col-33 elementor-top-column elementor-element elementor-element-9454ce2\" data-id=\"9454ce2\" data-element_type=\"column\">\n\t\t\t<div class=\"elementor-widget-wrap\">\n\t\t\t\t\t\t\t\t\t<\/div>\n\t\t<\/div>\n\t\t\t\t<div class=\"elementor-column elementor-col-33 elementor-top-column elementor-element elementor-element-bba4b18\" data-id=\"bba4b18\" data-element_type=\"column\">\n\t\t\t<div class=\"elementor-widget-wrap\">\n\t\t\t\t\t\t\t\t\t<\/div>\n\t\t<\/div>\n\t\t\t\t\t\t\t<\/div>\n\t\t<\/section>\n\t\t\t\t<section class=\"elementor-section elementor-top-section elementor-element elementor-element-1e71d3ad elementor-section-content-middle elementor-section-boxed elementor-section-height-default elementor-section-height-default\" data-id=\"1e71d3ad\" data-element_type=\"section\" data-settings=\"{&quot;background_background&quot;:&quot;classic&quot;}\">\n\t\t\t\t\t\t<div class=\"elementor-container elementor-column-gap-no\">\n\t\t\t\t\t<div class=\"elementor-column elementor-col-100 elementor-top-column elementor-element elementor-element-221d1dc3\" data-id=\"221d1dc3\" data-element_type=\"column\">\n\t\t\t<div class=\"elementor-widget-wrap elementor-element-populated\">\n\t\t\t\t\t\t\t\t<div class=\"elementor-element elementor-element-1d4aecb3 elementor-widget elementor-widget-heading\" data-id=\"1d4aecb3\" data-element_type=\"widget\" data-widget_type=\"heading.default\">\n\t\t\t\t<div class=\"elementor-widget-container\">\n\t\t\t<h4 class=\"elementor-heading-title elementor-size-default\">Contamos con un grupo de talento especializado en materia fiscal, laboral y de impuestos que nos garantiza estar dentro del marco legal.\n<\/h4>\t\t<\/div>\n\t\t\t\t<\/div>\n\t\t\t\t<div class=\"elementor-element elementor-element-5a2687c0 elementor-widget elementor-widget-text-editor\" data-id=\"5a2687c0\" data-element_type=\"widget\" data-widget_type=\"text-editor.default\">\n\t\t\t\t<div class=\"elementor-widget-container\">\n\t\t\t\t\t\t\t<p>Nuestra plataforma con una estructura y un sistema integral que nos permite adaptarnos a cualquier requerimiento que eficiente la operaci\u00f3n del cliente.<\/p><p>Atenci\u00f3n a nivel direcci\u00f3n que ayuda a los procesos en la toma de decisiones. L\u00edder de proyecto asignado a satisfacer los requerimientos del cliente y de los empleados<\/p>\t\t\t\t\t\t<\/div>\n\t\t\t\t<\/div>\n\t\t\t\t\t<\/div>\n\t\t<\/div>\n\t\t\t\t\t\t\t<\/div>\n\t\t<\/section>\n\t\t\t\t\t\t\t<\/div>\n\t\t","protected":false},"excerpt":{"rendered":"<p>Nuestras Ventajas Somos especialistas en los sectores de Alta Ingenier\u00eda. Nuestra experiencia en estos sectores nos hacen ser un proveedor altamente confiable en satisfacer las&hellip;<\/p>\n","protected":false},"author":1,"featured_media":0,"parent":0,"menu_order":0,"comment_status":"closed","ping_status":"closed","template":"elementor_header_footer","meta":{"footnotes":""},"class_list":["post-126","page","type-page","status-publish","hentry"],"yoast_head":"<!-- This site is optimized with the Yoast SEO plugin v19.14 - https:\/\/yoast.com\/wordpress\/plugins\/seo\/ -->\n<title>Ventajas Competitivas - L&amp;H Consulting Group<\/title>\n<meta name=\"robots\" content=\"index, follow, max-snippet:-1, max-image-preview:large, max-video-preview:-1\" \/>\n<link rel=\"canonical\" href=\"https:\/\/lyhconsulting.com\/index.php\/ventajas-competitivas\/\" \/>\n<meta property=\"og:locale\" content=\"es_MX\" \/>\n<meta property=\"og:type\" content=\"article\" \/>\n<meta property=\"og:title\" content=\"Ventajas Competitivas - L&amp;H Consulting Group\" \/>\n<meta property=\"og:description\" content=\"Nuestras Ventajas Somos especialistas en los sectores de Alta Ingenier\u00eda. Nuestra experiencia en estos sectores nos hacen ser un proveedor altamente confiable en satisfacer las&hellip;\" \/>\n<meta property=\"og:url\" content=\"https:\/\/lyhconsulting.com\/index.php\/ventajas-competitivas\/\" \/>\n<meta property=\"og:site_name\" content=\"L&amp;H Consulting Group\" \/>\n<meta property=\"article:modified_time\" content=\"2023-01-14T00:32:31+00:00\" \/>\n<meta name=\"twitter:card\" content=\"summary_large_image\" \/>\n<meta name=\"twitter:label1\" content=\"Tiempo de lectura\" \/>\n\t<meta name=\"twitter:data1\" content=\"1 minuto\" \/>\n<script type=\"application\/ld+json\" class=\"yoast-schema-graph\">{\"@context\":\"https:\/\/schema.org\",\"@graph\":[{\"@type\":\"WebPage\",\"@id\":\"https:\/\/lyhconsulting.com\/index.php\/ventajas-competitivas\/\",\"url\":\"https:\/\/lyhconsulting.com\/index.php\/ventajas-competitivas\/\",\"name\":\"Ventajas Competitivas - L&amp;H Consulting Group\",\"isPartOf\":{\"@id\":\"https:\/\/lyhconsulting.com\/#website\"},\"datePublished\":\"2023-01-14T00:19:22+00:00\",\"dateModified\":\"2023-01-14T00:32:31+00:00\",\"breadcrumb\":{\"@id\":\"https:\/\/lyhconsulting.com\/index.php\/ventajas-competitivas\/#breadcrumb\"},\"inLanguage\":\"es\",\"potentialAction\":[{\"@type\":\"ReadAction\",\"target\":[\"https:\/\/lyhconsulting.com\/index.php\/ventajas-competitivas\/\"]}]},{\"@type\":\"BreadcrumbList\",\"@id\":\"https:\/\/lyhconsulting.com\/index.php\/ventajas-competitivas\/#breadcrumb\",\"itemListElement\":[{\"@type\":\"ListItem\",\"position\":1,\"name\":\"Inicio\",\"item\":\"https:\/\/lyhconsulting.com\/\"},{\"@type\":\"ListItem\",\"position\":2,\"name\":\"Ventajas Competitivas\"}]},{\"@type\":\"WebSite\",\"@id\":\"https:\/\/lyhconsulting.com\/#website\",\"url\":\"https:\/\/lyhconsulting.com\/\",\"name\":\"L&amp;H Consulting Group\",\"description\":\"Consultor\u00eda y Soluciones Integrales\",\"publisher\":{\"@id\":\"https:\/\/lyhconsulting.com\/#organization\"},\"potentialAction\":[{\"@type\":\"SearchAction\",\"target\":{\"@type\":\"EntryPoint\",\"urlTemplate\":\"https:\/\/lyhconsulting.com\/?s={search_term_string}\"},\"query-input\":\"required name=search_term_string\"}],\"inLanguage\":\"es\"},{\"@type\":\"Organization\",\"@id\":\"https:\/\/lyhconsulting.com\/#organization\",\"name\":\"L&amp;H Consulting Group\",\"url\":\"https:\/\/lyhconsulting.com\/\",\"logo\":{\"@type\":\"ImageObject\",\"inLanguage\":\"es\",\"@id\":\"https:\/\/lyhconsulting.com\/#\/schema\/logo\/image\/\",\"url\":\"https:\/\/lyhconsulting.com\/wp-content\/uploads\/2023\/01\/cropped-Logoweb01LH.jpg\",\"contentUrl\":\"https:\/\/lyhconsulting.com\/wp-content\/uploads\/2023\/01\/cropped-Logoweb01LH.jpg\",\"width\":350,\"height\":100,\"caption\":\"L&amp;H Consulting Group\"},\"image\":{\"@id\":\"https:\/\/lyhconsulting.com\/#\/schema\/logo\/image\/\"}}]}<\/script>\n<!-- \/ Yoast SEO plugin. -->","yoast_head_json":{"title":"Ventajas Competitivas - L&amp;H Consulting Group","robots":{"index":"index","follow":"follow","max-snippet":"max-snippet:-1","max-image-preview":"max-image-preview:large","max-video-preview":"max-video-preview:-1"},"canonical":"https:\/\/lyhconsulting.com\/index.php\/ventajas-competitivas\/","og_locale":"es_MX","og_type":"article","og_title":"Ventajas Competitivas - L&amp;H Consulting Group","og_description":"Nuestras Ventajas Somos especialistas en los sectores de Alta Ingenier\u00eda. Nuestra experiencia en estos sectores nos hacen ser un proveedor altamente confiable en satisfacer las&hellip;","og_url":"https:\/\/lyhconsulting.com\/index.php\/ventajas-competitivas\/","og_site_name":"L&amp;H Consulting Group","article_modified_time":"2023-01-14T00:32:31+00:00","twitter_card":"summary_large_image","twitter_misc":{"Tiempo de lectura":"1 minuto"},"schema":{"@context":"https:\/\/schema.org","@graph":[{"@type":"WebPage","@id":"https:\/\/lyhconsulting.com\/index.php\/ventajas-competitivas\/","url":"https:\/\/lyhconsulting.com\/index.php\/ventajas-competitivas\/","name":"Ventajas Competitivas - L&amp;H Consulting Group","isPartOf":{"@id":"https:\/\/lyhconsulting.com\/#website"},"datePublished":"2023-01-14T00:19:22+00:00","dateModified":"2023-01-14T00:32:31+00:00","breadcrumb":{"@id":"https:\/\/lyhconsulting.com\/index.php\/ventajas-competitivas\/#breadcrumb"},"inLanguage":"es","potentialAction":[{"@type":"ReadAction","target":["https:\/\/lyhconsulting.com\/index.php\/ventajas-competitivas\/"]}]},{"@type":"BreadcrumbList","@id":"https:\/\/lyhconsulting.com\/index.php\/ventajas-competitivas\/#breadcrumb","itemListElement":[{"@type":"ListItem","position":1,"name":"Inicio","item":"https:\/\/lyhconsulting.com\/"},{"@type":"ListItem","position":2,"name":"Ventajas Competitivas"}]},{"@type":"WebSite","@id":"https:\/\/lyhconsulting.com\/#website","url":"https:\/\/lyhconsulting.com\/","name":"L&amp;H Consulting Group","description":"Consultor\u00eda y Soluciones Integrales","publisher":{"@id":"https:\/\/lyhconsulting.com\/#organization"},"potentialAction":[{"@type":"SearchAction","target":{"@type":"EntryPoint","urlTemplate":"https:\/\/lyhconsulting.com\/?s={search_term_string}"},"query-input":"required name=search_term_string"}],"inLanguage":"es"},{"@type":"Organization","@id":"https:\/\/lyhconsulting.com\/#organization","name":"L&amp;H Consulting Group","url":"https:\/\/lyhconsulting.com\/","logo":{"@type":"ImageObject","inLanguage":"es","@id":"https:\/\/lyhconsulting.com\/#\/schema\/logo\/image\/","url":"https:\/\/lyhconsulting.com\/wp-content\/uploads\/2023\/01\/cropped-Logoweb01LH.jpg","contentUrl":"https:\/\/lyhconsulting.com\/wp-content\/uploads\/2023\/01\/cropped-Logoweb01LH.jpg","width":350,"height":100,"caption":"L&amp;H Consulting Group"},"image":{"@id":"https:\/\/lyhconsulting.com\/#\/schema\/logo\/image\/"}}]}},"_links":{"self":[{"href":"https:\/\/lyhconsulting.com\/index.php\/wp-json\/wp\/v2\/pages\/126","targetHints":{"allow":["GET"]}}],"collection":[{"href":"https:\/\/lyhconsulting.com\/index.php\/wp-json\/wp\/v2\/pages"}],"about":[{"href":"https:\/\/lyhconsulting.com\/index.php\/wp-json\/wp\/v2\/types\/page"}],"author":[{"embeddable":true,"href":"https:\/\/lyhconsulting.com\/index.php\/wp-json\/wp\/v2\/users\/1"}],"replies":[{"embeddable":true,"href":"https:\/\/lyhconsulting.com\/index.php\/wp-json\/wp\/v2\/comments?post=126"}],"version-history":[{"count":28,"href":"https:\/\/lyhconsulting.com\/index.php\/wp-json\/wp\/v2\/pages\/126\/revisions"}],"predecessor-version":[{"id":154,"href":"https:\/\/lyhconsulting.com\/index.php\/wp-json\/wp\/v2\/pages\/126\/revisions\/154"}],"wp:attachment":[{"href":"https:\/\/lyhconsulting.com\/index.php\/wp-json\/wp\/v2\/media?parent=126"}],"curies":[{"name":"wp","href":"https:\/\/api.w.org\/{rel}","templated":true}]}}